{"id":972,"date":"2018-05-21T05:54:48","date_gmt":"2018-05-21T05:54:48","guid":{"rendered":"http:\/\/lmsdemo.loc\/lms-white\/?page_id=7"},"modified":"2020-09-18T16:47:39","modified_gmt":"2020-09-18T19:47:39","slug":"home","status":"publish","type":"page","link":"https:\/\/advanced-digital.com.br\/cursos\/","title":{"rendered":"Home"},"content":{"rendered":"\t\t<div data-elementor-type=\"wp-page\" data-elementor-id=\"972\" class=\"elementor elementor-972\">\n\t\t\t\t\t\t<section class=\"elementor-section elementor-top-section elementor-element elementor-element-67e0bb0 elementor-section-stretched elementor-section-boxed elementor-section-height-default elementor-section-height-default\" data-id=\"67e0bb0\" data-element_type=\"section\" data-e-type=\"section\" data-settings=\"{&quot;background_background&quot;:&quot;classic&quot;,&quot;stretch_section&quot;:&quot;section-stretched&quot;}\">\n\t\t\t\t\t\t<div class=\"elementor-container elementor-column-gap-default\">\n\t\t\t\t\t<div class=\"elementor-column elementor-col-100 elementor-top-column elementor-element elementor-element-67e1107\" data-id=\"67e1107\" data-element_type=\"column\" data-e-type=\"column\">\n\t\t\t<div class=\"elementor-widget-wrap elementor-element-populated\">\n\t\t\t\t\t\t<div class=\"elementor-element elementor-element-67e1639 elementor-widget elementor-widget-stm_lms_single_course_carousel\" data-id=\"67e1639\" data-element_type=\"widget\" data-e-type=\"widget\" data-widget_type=\"stm_lms_single_course_carousel.default\">\n\t\t\t\t<div class=\"elementor-widget-container\">\n\t\t\t\t\t\t<div class=\"stm_lms_single_course_carousel_wrapper module__db906181a63bd31f5024e438956d0659\"\n\t\tdata-items=\"1\"\n\t\tdata-pagination=\"disable\">\n\t\t<div class=\"stm_lms_single_course_carousel\">\n\t\t\t\n\t\t\t\t<div class=\"stm_lms_single_course_carousel_item stm_carousel_glitch\">\n\n\t\t\t\t\t<a href=\"https:\/\/advanced-digital.com.br\/cursos\/courses\/criando-um-website-custo-zero\/\" class=\"stm_lms_single_course_carousel_item__image\">\n\t\t\t\t\t\t<div class='stm_lms_lazy_image'><img fetchpriority=\"high\" width=\"1024\" height=\"576\" data-src=\"https:\/\/advanced-digital.com.br\/cursos\/wp-content\/uploads\/sites\/3\/2020\/09\/Thumbnail-Website-Custo-Zero-2-1024x576.jpg\" class=\"lazyload attachment-large size-large\" alt=\"\" data-srcset=\"https:\/\/advanced-digital.com.br\/cursos\/wp-content\/uploads\/sites\/3\/2020\/09\/Thumbnail-Website-Custo-Zero-2-1024x576.jpg 1024w, https:\/\/advanced-digital.com.br\/cursos\/wp-content\/uploads\/sites\/3\/2020\/09\/Thumbnail-Website-Custo-Zero-2-300x169.jpg 300w, https:\/\/advanced-digital.com.br\/cursos\/wp-content\/uploads\/sites\/3\/2020\/09\/Thumbnail-Website-Custo-Zero-2-768x432.jpg 768w, https:\/\/advanced-digital.com.br\/cursos\/wp-content\/uploads\/sites\/3\/2020\/09\/Thumbnail-Website-Custo-Zero-2-1536x864.jpg 1536w, https:\/\/advanced-digital.com.br\/cursos\/wp-content\/uploads\/sites\/3\/2020\/09\/Thumbnail-Website-Custo-Zero-2-270x153.jpg 270w, https:\/\/advanced-digital.com.br\/cursos\/wp-content\/uploads\/sites\/3\/2020\/09\/Thumbnail-Website-Custo-Zero-2-600x338.jpg 600w, https:\/\/advanced-digital.com.br\/cursos\/wp-content\/uploads\/sites\/3\/2020\/09\/Thumbnail-Website-Custo-Zero-2-1919x1079.jpg 1919w, https:\/\/advanced-digital.com.br\/cursos\/wp-content\/uploads\/sites\/3\/2020\/09\/Thumbnail-Website-Custo-Zero-2.jpg 1920w\" data-sizes=\"(max-width: 1024px) 100vw, 1024px\" \/><\/div>\t\t\t\t\t<\/a>\n\n\t\t\t\t\t<div class=\"stm_lms_single_course_carousel_item__content\">\n\t\t\t\t\t\t\n\t\t\t\t\t\t<h2><a class=\"h2\" href=\"https:\/\/advanced-digital.com.br\/cursos\/courses\/criando-um-website-custo-zero\/\">Website CUSTO ZERO<\/a><\/h2>\n\n\t\t\t\t\t\t<div class=\"stm_lms_courses__single--info_meta\">\n\t\t\t\t\t\t\t\t<div class=\"stm_lms_course__meta\">\n\t\t<i class=\"stmlms-level\"><\/i>\n\t\tPrincipiante\t<\/div>\n\n\t<div class=\"stm_lms_course__meta\">\n\t\t<i class=\"stmlms-cats\"><\/i>\n\t\t19 palestras\t<\/div>\n\n\t<div class=\"stm_lms_course__meta\">\n\t\t<i class=\"stmlms-lms-clocks\"><\/i>\n\t\t15 horas\t<\/div>\n\t\t\t\t\t\t<\/div>\n\n\t\t\t\t\t\t<div class=\"stm_lms_courses__single__buttons\">\n\t\t\t\t\t\t\t<div class=\"stm_lms_courses__single__buy\">\n\t\t\t\t\t\t\t\t\t<div class=\"masterstudy-buy-button masterstudy-buy-button-centred  \">\n\t\t<a href=\"#\" class=\"masterstudy-buy-button__link\" data-authorization-modal=\"login\">\n\t<span class=\"masterstudy-buy-button__title\">\n\t\tPegue o curso\t<\/span>\n\t<\/a>\n\t<\/div>\n\n\t\t\t<span class=\"masterstudy-buy-button__single-price-info-text\">\n\t\t\t\t\t<\/span>\n\t\n\t\t\t\t\t\t\t\t<\/div>\n\t\t\t\t\t\t\t\t<div class=\"stm-lms-wishlist\">\n\t\t<a href=\"https:\/\/advanced-digital.com.br\/cursos\/user-account\/\">\n\t\t\t<i class=\"stmlms-heart-3\"><\/i>\n\t\t\t<span>Adicionar a lista de desejos<\/span>\n\t\t<\/a>\n\t<\/div>\n\t\t\t\t\t\t\t<\/div>\n\n\t\t\t\t\t<\/div>\n\n\t\t\t\t<\/div>\n\n\t\t\t\t\t<\/div>\n\n\t\t\t\t\t<div class=\"stm_lms_courses_carousel__buttons\">\n\t\t\t\t<div class=\"stm_lms_courses_carousel__button stm_lms_courses_carousel__button_prev sbc_h sbrc_h\">\n\t\t\t\t\t<i class=\"stmlms-chevron-left-2\"><\/i>\n\t\t\t\t<\/div>\n\t\t\t\t<div class=\"stm_lms_courses_carousel__button stm_lms_courses_carousel__button_next sbc_h sbrc_h\">\n\t\t\t\t\t<i class=\"stmlms-chevron-right-2\"><\/i>\n\t\t\t\t<\/div>\n\t\t\t<\/div>\n\t\t\n\t<\/div>\n\t\t\t\t\t<\/div>\n\t\t\t\t<\/div>\n\t\t\t\t\t<\/div>\n\t\t<\/div>\n\t\t\t\t\t<\/div>\n\t\t<\/section>\n\t\t\t\t<section class=\"elementor-section elementor-top-section elementor-element elementor-element-67e16b5 elementor-section-boxed elementor-section-height-default elementor-section-height-default\" data-id=\"67e16b5\" data-element_type=\"section\" data-e-type=\"section\">\n\t\t\t\t\t\t<div class=\"elementor-container elementor-column-gap-default\">\n\t\t\t\t\t<div class=\"elementor-column elementor-col-100 elementor-top-column elementor-element elementor-element-67e1aa9\" data-id=\"67e1aa9\" data-element_type=\"column\" data-e-type=\"column\">\n\t\t\t<div class=\"elementor-widget-wrap elementor-element-populated\">\n\t\t\t\t\t\t<div class=\"elementor-element elementor-element-67e1ea8 elementor-widget elementor-widget-stm_lms_courses_categories\" data-id=\"67e1ea8\" data-element_type=\"widget\" data-e-type=\"widget\" data-widget_type=\"stm_lms_courses_categories.default\">\n\t\t\t\t<div class=\"elementor-widget-container\">\n\t\t\t\t\t        <div class=\"stm_lms_courses_categories style_3\">\n\n\t\t\t                <div class=\"stm_lms_courses_category\">\n\n                    <a href=\"https:\/\/advanced-digital.com.br\/cursos\/courses\/?terms%5B%5D=156&#038;category%5B%5D=156\"\n                       title=\"Cria\u00e7\u00e3o de sites\"\n                       class=\"no_deco sbc_h\">\n                        <i class=\"lnricons-desktop\"><\/i>\n                        <h4>Cria\u00e7\u00e3o de sites<\/h4>\n                    <\/a>\n                <\/div>\n\n\t\t\t                <div class=\"stm_lms_courses_category\">\n\n                    <a href=\"https:\/\/advanced-digital.com.br\/cursos\/courses\/?terms%5B%5D=159&#038;category%5B%5D=159\"\n                       title=\"Hospedagem de sites\"\n                       class=\"no_deco sbc_h\">\n                        <i class=\"lnricons-server\"><\/i>\n                        <h4>Hospedagem de sites<\/h4>\n                    <\/a>\n                <\/div>\n\n\t\t\t                <div class=\"stm_lms_courses_category\">\n\n                    <a href=\"https:\/\/advanced-digital.com.br\/cursos\/courses\/?terms%5B%5D=161&#038;category%5B%5D=161\"\n                       title=\"Loja Virtual\"\n                       class=\"no_deco sbc_h\">\n                        <i class=\"fa fa-shopping-cart\"><\/i>\n                        <h4>Loja Virtual<\/h4>\n                    <\/a>\n                <\/div>\n\n\t\t\t                <div class=\"stm_lms_courses_category\">\n\n                    <a href=\"https:\/\/advanced-digital.com.br\/cursos\/courses\/?terms%5B%5D=160&#038;category%5B%5D=160\"\n                       title=\"Registro de dom\u00ednios\"\n                       class=\"no_deco sbc_h\">\n                        <i class=\"far fa-fa fa-registered\"><\/i>\n                        <h4>Registro de dom\u00ednios<\/h4>\n                    <\/a>\n                <\/div>\n\n\t\t\t        <\/div>\n\t\t\t\t\t<\/div>\n\t\t\t\t<\/div>\n\t\t\t\t\t<\/div>\n\t\t<\/div>\n\t\t\t\t\t<\/div>\n\t\t<\/section>\n\t\t\t\t<section class=\"elementor-section elementor-top-section elementor-element elementor-element-67e1f7d elementor-hidden-desktop elementor-hidden-tablet elementor-hidden-phone elementor-section-boxed elementor-section-height-default elementor-section-height-default\" data-id=\"67e1f7d\" data-element_type=\"section\" data-e-type=\"section\">\n\t\t\t\t\t\t<div class=\"elementor-container elementor-column-gap-default\">\n\t\t\t\t\t<div class=\"elementor-column elementor-col-100 elementor-top-column elementor-element elementor-element-67e23b6\" data-id=\"67e23b6\" data-element_type=\"column\" data-e-type=\"column\">\n\t\t\t<div class=\"elementor-widget-wrap elementor-element-populated\">\n\t\t\t\t\t\t<div class=\"elementor-element elementor-element-67e2692 elementor-widget elementor-widget-vc_custom_heading\" data-id=\"67e2692\" data-element_type=\"widget\" data-e-type=\"widget\" data-widget_type=\"vc_custom_heading.default\">\n\t\t\t\t<div class=\"elementor-widget-container\">\n\t\t\t\t\t<div class=\" vc_custom_heading  masterstudy_heading_font  text_align_center\" ><h2 style=\"font-size: 35px;text-align: center;line-height: 45px;font-weight:600\" class=\"masterstudy-custom-title\">Recent Courses\n<\/h2><\/div>\t\t\t\t<\/div>\n\t\t\t\t<\/div>\n\t\t\t\t<div class=\"elementor-element elementor-element-67e2cf5 elementor-widget elementor-widget-stm_lms_courses_grid\" data-id=\"67e2cf5\" data-element_type=\"widget\" data-e-type=\"widget\" data-widget_type=\"stm_lms_courses_grid.default\">\n\t\t\t\t<div class=\"elementor-widget-container\">\n\t\t\t\t\t\n<div class=\"stm_lms_courses_grid stm_lms_courses\">\n\n\t<div class=\"stm_lms_courses_grid__top hidden\">\n\t\t<div class=\"stm_lms_courses_grid__counter\">\n\t\t\t\t\t\t\t<h3>\n\t\t\t\t\tEncontrado: <strong>1 cursos<\/strong>\t\t\t\t\t<a class=\"stm_lms_courses_grid__all\" href=\"https:\/\/advanced-digital.com.br\/cursos\/courses\/\">\n\t\t\t\t\t\tVer tudo\t\t\t\t\t<\/a>\n\t\t\t\t<\/h3>\n\t\t\t\t\t<\/div>\n\t\t<div class=\"stm_lms_courses_grid__sort heading_font stm_lms_grid_sort_module showing\"\n\t\t\t\tdata-text=\"Ordenar por:\">\n\t\t\t<select class=\"no-search\">\n\t\t\t\t<option value=\"date_high\">Data de lan\u00e7amento (mais recente primeiro)<\/option>\n\t\t\t\t<option value=\"date_low\">Data de lan\u00e7amento (mais antigo primeiro)<\/option>\n\t\t\t\t\t\t\t\t\t<option value=\"rating\">Avalia\u00e7\u00e3o geral<\/option>\n\t\t\t\t\t\t\t\t<option value=\"popular\">Popular (mais visto)<\/option>\n\t\t\t<\/select>\n\t\t<\/div>\n\t<\/div>\n\n\t\t\t\t\t<div class=\"stm_lms_courses__grid stm_lms_courses__grid_4 stm_lms_courses__grid_center  stm_lms_courses__grid_found_1\"\n\t\tdata-pages=\"1\">\n\t\n\t\n<div class=\"stm_lms_courses__single stm_lms_courses__single_animation no-sale style_1 is_featured\">\n\n\t<div class=\"stm_lms_courses__single__inner\">\n\n\t\t\n<div class=\"stm_lms_courses__single--image\">\n\n\t\t<div class=\"featured-course-container\">\n\t\t\t\t\t<div class=\"elab_is_featured_product\">Destaque<\/div>\n\t\t\t<\/div>\n\t\n\t<a href=\"https:\/\/advanced-digital.com.br\/cursos\/courses\/criando-um-website-custo-zero\/\"\n\tclass=\"heading_font\"\n\tdata-preview=\"Visualize este curso\">\n\t\t<div class=\"stm_lms_courses__single--image__container\" data-height=160px>\n\t\t\t<img decoding=\"async\" src=\"https:\/\/advanced-digital.com.br\/cursos\/wp-content\/uploads\/sites\/3\/2020\/09\/Thumbnail-Website-Custo-Zero-2-300x225.jpg\" class=\"\">\t\t<\/div>\n\t<\/a>\n\n<\/div>\n\n\t\t<div class=\"stm_lms_courses__single--inner\">\n\n\t\t\t\n\t<div class=\"stm_lms_courses__single--terms\">\n\t\t<div class=\"stm_lms_courses__single--term\">\n\t\t\tCria\u00e7\u00e3o de sites\t\t<\/div>\n\t<\/div>\n\n\t\t\t<div class=\"stm_lms_courses__single--title\">\n\t<a href=\"https:\/\/advanced-digital.com.br\/cursos\/courses\/criando-um-website-custo-zero\/\">\n\t\t<h5>Website CUSTO ZERO<\/h5>\n\t<\/a>\n<\/div>\n\t\t\t\t\t\t\t<div class=\"stm_lms_courses__single--meta\">\n\t\t\t\t\t\n\t\t<div class=\"stm_lms_courses__hours\">\n\t\t\t<i class=\"stmlms-lms-clocks\"><\/i>\n\t\t\t<span>15 horas<\/span>\n\t\t<\/div>\n\t\n\t\t\t\t\t\t\t\t\t\t<\/div>\n\t\t\t\t\n\t\t<\/div>\n\n\t\t\n<div class=\"stm_lms_courses__single--info\">\n\t\t\t<div class=\"stm_lms_courses__single--info_author\">\n\t\t\t<div class=\"stm_lms_courses__single--info_author__avatar\">\n\t\t\t\t<img alt='' src='https:\/\/advanced-digital.com.br\/cursos\/wp-content\/uploads\/sites\/3\/avatars\/2\/5f638549460a6-bpfull.jpg' class='avatar avatar-215 photo' height='215' width='215' \/>\t\t\t<\/div>\n\t\t\t<div class=\"stm_lms_courses__single--info_author__login\">\n\t\t\t\tPedro Corado\t\t\t<\/div>\n\t\t<\/div>\n\t\n\t<div class=\"stm_lms_courses__single--info_title\">\n\t\t<a href=\"https:\/\/advanced-digital.com.br\/cursos\/courses\/criando-um-website-custo-zero\/\">\n\t\t\t<h4>Website CUSTO ZERO<\/h4>\n\t\t<\/a>\n\t<\/div>\n\n\t<div class=\"stm_lms_courses__single--info_rate\">\n\n\t\t\n\t\t\n\t<\/div>\n\n\t<div class=\"stm_lms_courses__single--info_excerpt\">\n\t\tVoc\u00ea quer aprender a criar um website totalmente gr\u00e1tis!? \u00c9 isso mesmo! Um website a CUSTO ZERO! Em um treinamento totalmente online, eu vou te mos...\t<\/div>\n\n\t<div class=\"stm_lms_courses__single--info_meta\">\n\t\t\t<div class=\"stm_lms_course__meta\">\n\t\t<i class=\"stmlms-level\"><\/i>\n\t\tPrincipiante\t<\/div>\n\n\t<div class=\"stm_lms_course__meta\">\n\t\t<i class=\"stmlms-cats\"><\/i>\n\t\t19 palestras\t<\/div>\n\n\t<div class=\"stm_lms_course__meta\">\n\t\t<i class=\"stmlms-lms-clocks\"><\/i>\n\t\t15 horas\t<\/div>\n\t<\/div>\n\n\t<div class=\"stm_lms_courses__single--info_preview\">\n\t\t<a href=\"https:\/\/advanced-digital.com.br\/cursos\/courses\/criando-um-website-custo-zero\/\" title=\"Website CUSTO ZERO\" class=\"heading_font\">\n\t\t\tVisualize este curso\t\t<\/a>\n\t<\/div>\n\n\t<div class=\"stm_lms_courses__single--info_bottom\">\n\t\t\t<div class=\"stm-lms-wishlist\">\n\t\t<a href=\"https:\/\/advanced-digital.com.br\/cursos\/user-account\/\">\n\t\t\t<i class=\"stmlms-heart-3\"><\/i>\n\t\t\t<span>Adicionar a lista de desejos<\/span>\n\t\t<\/a>\n\t<\/div>\n\t\n\t\t\t<\/div>\n\n\n<\/div>\n\n\t<\/div>\n\n<\/div>\n\t\t<\/div>\n\n\t<div class=\"showing\">\n\t\t\n<div class=\"text-center\">\n\t<a href=\"#\"\n\t\tclass=\"btn btn-default stm_lms_load_more_courses\"\n\t\tdata-offset=\"1\"\n\t\tdata-url=\"\"\n\t\tdata-args='{\"per_row\":\"4\",\"include_link\":true,\"posts_per_page\":\"8\",\"image_size\":\"300x225\",\"course_card_style\":\"style_1\",\"course_card_info\":\"center\",\"img_container_height\":\"160\"}'>\n\t\t<span>Carregue mais<\/span>\n\t<\/a>\n<\/div>\n\t<\/div>\n\n<\/div>\n\t\t\t\t<\/div>\n\t\t\t\t<\/div>\n\t\t\t\t\t<\/div>\n\t\t<\/div>\n\t\t\t\t\t<\/div>\n\t\t<\/section>\n\t\t\t\t<section class=\"elementor-section elementor-top-section elementor-element elementor-element-67e2d76 primary_bg_color elementor-section-stretched elementor-section-boxed elementor-section-height-default elementor-section-height-default\" data-id=\"67e2d76\" data-element_type=\"section\" data-e-type=\"section\" data-settings=\"{&quot;background_background&quot;:&quot;classic&quot;,&quot;stretch_section&quot;:&quot;section-stretched&quot;}\">\n\t\t\t\t\t\t<div class=\"elementor-container elementor-column-gap-default\">\n\t\t\t\t\t<div class=\"elementor-column elementor-col-100 elementor-top-column elementor-element elementor-element-67e3170\" data-id=\"67e3170\" data-element_type=\"column\" data-e-type=\"column\">\n\t\t\t<div class=\"elementor-widget-wrap elementor-element-populated\">\n\t\t\t\t\t\t<div class=\"elementor-element elementor-element-67e3668 elementor-widget elementor-widget-stm_empty_space\" data-id=\"67e3668\" data-element_type=\"widget\" data-e-type=\"widget\" data-widget_type=\"stm_empty_space.default\">\n\t\t\t\t<div class=\"elementor-widget-container\">\n\t\t\t\t\t\n<div class=\"masterstudy_elementor_empty_space module__7c780ec88ae5643e8f1f56907f709593\"\n         style=\"height: 32px\" >\n    <span class=\"vc_empty_space_inner\"><\/span>\n<\/div>\n\t\t\t\t<\/div>\n\t\t\t\t<\/div>\n\t\t\t\t<div class=\"elementor-element elementor-element-67e3a6a elementor-widget elementor-widget-vc_custom_heading\" data-id=\"67e3a6a\" data-element_type=\"widget\" data-e-type=\"widget\" data-widget_type=\"vc_custom_heading.default\">\n\t\t\t\t<div class=\"elementor-widget-container\">\n\t\t\t\t\t<div class=\" vc_custom_heading  masterstudy_heading_font  text_align_left\" ><h4 style=\"font-size: 19px;color: #ffffff;text-align: left;line-height: 22px;font-weight:700\" class=\"masterstudy-custom-title\">Inscreva-se em nossa newsletter\n<\/h4><\/div>\t\t\t\t<\/div>\n\t\t\t\t<\/div>\n\t\t\t\t<div class=\"elementor-element elementor-element-67e3d31 elementor-widget elementor-widget-vc_custom_heading\" data-id=\"67e3d31\" data-element_type=\"widget\" data-e-type=\"widget\" data-widget_type=\"vc_custom_heading.default\">\n\t\t\t\t<div class=\"elementor-widget-container\">\n\t\t\t\t\t<div class=\" vc_custom_heading fwl masterstudy_heading_font  text_align_left\" ><h5 style=\"font-size: 15px;color: #ffffff;text-align: left;line-height: 22px;font-weight:700\" class=\"masterstudy-custom-title\">Receba novidades sobre lan\u00e7amentos, atualiza\u00e7\u00f5es e promo\u00e7\u00f5es em nossos cursos.\n<\/h5><\/div>\t\t\t\t<\/div>\n\t\t\t\t<\/div>\n\t\t\t\t<div class=\"elementor-element elementor-element-67e3f02 elementor-widget elementor-widget-stm_empty_space\" data-id=\"67e3f02\" data-element_type=\"widget\" data-e-type=\"widget\" data-widget_type=\"stm_empty_space.default\">\n\t\t\t\t<div class=\"elementor-widget-container\">\n\t\t\t\t\t    <style type=\"text\/css\">\n        @media (max-width: 1024px) {\n            .module__87da63249f1049388e58753b6bc3f19e {\n                height : 0px !important;\n            }\n        }\n    <\/style>\n\n<div class=\"masterstudy_elementor_empty_space module__87da63249f1049388e58753b6bc3f19e\"\n         style=\"height: 32px\" >\n    <span class=\"vc_empty_space_inner\"><\/span>\n<\/div>\n\t\t\t\t<\/div>\n\t\t\t\t<\/div>\n\t\t\t\t\t<\/div>\n\t\t<\/div>\n\t\t\t\t<div class=\"elementor-column elementor-col-100 elementor-top-column elementor-element elementor-element-67e4033\" data-id=\"67e4033\" data-element_type=\"column\" data-e-type=\"column\">\n\t\t\t<div class=\"elementor-widget-wrap elementor-element-populated\">\n\t\t\t\t\t\t<div class=\"elementor-element elementor-element-67e442a elementor-widget elementor-widget-stm_empty_space\" data-id=\"67e442a\" data-element_type=\"widget\" data-e-type=\"widget\" data-widget_type=\"stm_empty_space.default\">\n\t\t\t\t<div class=\"elementor-widget-container\">\n\t\t\t\t\t\n<div class=\"masterstudy_elementor_empty_space module__7c780ec88ae5643e8f1f56907f709593\"\n         style=\"height: 32px\" >\n    <span class=\"vc_empty_space_inner\"><\/span>\n<\/div>\n\t\t\t\t<\/div>\n\t\t\t\t<\/div>\n\t\t\t\t<div class=\"elementor-element elementor-element-6ec5cee elementor-widget elementor-widget-form\" data-id=\"6ec5cee\" data-element_type=\"widget\" data-e-type=\"widget\" data-widget_type=\"form.default\">\n\t\t\t\t<div class=\"elementor-widget-container\">\n\t\t\t\t\t \t\t\t\t<\/div>\n\t\t\t\t<\/div>\n\t\t\t\t<div class=\"elementor-element elementor-element-67e4666 elementor-widget elementor-widget-stm_empty_space\" data-id=\"67e4666\" data-element_type=\"widget\" data-e-type=\"widget\" data-widget_type=\"stm_empty_space.default\">\n\t\t\t\t<div class=\"elementor-widget-container\">\n\t\t\t\t\t\n<div class=\"masterstudy_elementor_empty_space module__7c780ec88ae5643e8f1f56907f709593\"\n         style=\"height: 32px\" >\n    <span class=\"vc_empty_space_inner\"><\/span>\n<\/div>\n\t\t\t\t<\/div>\n\t\t\t\t<\/div>\n\t\t\t\t\t<\/div>\n\t\t<\/div>\n\t\t\t\t\t<\/div>\n\t\t<\/section>\n\t\t\t\t<\/div>\n\t\t","protected":false},"excerpt":{"rendered":"<p>Professor Pedro Corado Categoria: Cria\u00e7\u00e3o de sites Criando um website CUSTO ZERO Principiante 16 palestras 15 horas Come\u00e7ar o curso Adicionar a lista de desejos Cria\u00e7\u00e3o de sites Hospedagem de sites Loja Virtual Registro de dom\u00ednios Recent Courses Encontrado: 1 Cursos Data de lan\u00e7amento (mais recente primeiro)Data de lan\u00e7amento (mais antigo primeiro)Avalia\u00e7\u00e3o geralPopular (mais visto) [&hellip;]<\/p>\n","protected":false},"author":1,"featured_media":0,"parent":0,"menu_order":0,"comment_status":"closed","ping_status":"closed","template":"","meta":{"pmpro_default_level":"","footnotes":""},"class_list":["post-972","page","type-page","status-publish","hentry","pmpro-has-access"],"_links":{"self":[{"href":"https:\/\/advanced-digital.com.br\/cursos\/wp-json\/wp\/v2\/pages\/972","targetHints":{"allow":["GET"]}}],"collection":[{"href":"https:\/\/advanced-digital.com.br\/cursos\/wp-json\/wp\/v2\/pages"}],"about":[{"href":"https:\/\/advanced-digital.com.br\/cursos\/wp-json\/wp\/v2\/types\/page"}],"author":[{"embeddable":true,"href":"https:\/\/advanced-digital.com.br\/cursos\/wp-json\/wp\/v2\/users\/1"}],"replies":[{"embeddable":true,"href":"https:\/\/advanced-digital.com.br\/cursos\/wp-json\/wp\/v2\/comments?post=972"}],"version-history":[{"count":10,"href":"https:\/\/advanced-digital.com.br\/cursos\/wp-json\/wp\/v2\/pages\/972\/revisions"}],"predecessor-version":[{"id":5089,"href":"https:\/\/advanced-digital.com.br\/cursos\/wp-json\/wp\/v2\/pages\/972\/revisions\/5089"}],"wp:attachment":[{"href":"https:\/\/advanced-digital.com.br\/cursos\/wp-json\/wp\/v2\/media?parent=972"}],"curies":[{"name":"wp","href":"https:\/\/api.w.org\/{rel}","templated":true}]}}